{"id":1617,"date":"2022-06-09T16:31:28","date_gmt":"2022-06-09T14:31:28","guid":{"rendered":"https:\/\/magcab.eu\/rueckerstattungs-und-rueckgaberichtlinie\/"},"modified":"2025-01-09T23:15:19","modified_gmt":"2025-01-09T21:15:19","slug":"rueckerstattungs-und-rueckgaberichtlinie","status":"publish","type":"page","link":"https:\/\/magcab.eu\/de\/rueckerstattungs-und-rueckgaberichtlinie\/","title":{"rendered":"R\u00fcckerstattungs- und R\u00fcckgaberichtlinie"},"content":{"rendered":"&#13;\n<p>Unsere R\u00fcckerstattungs- und R\u00fcckgaberichtlinie gilt f\u00fcr 14 Tage. Wenn seit Ihrem Kauf 14 Tage vergangen sind, k\u00f6nnen wir Ihnen keine vollst\u00e4ndige R\u00fcckerstattung oder einen Umtausch anbieten. <\/p>&#13;&#13;\n<p>Um f\u00fcr eine R\u00fcckgabe berechtigt zu sein, muss der Artikel unbenutzt und in demselben Zustand sein, in dem Sie ihn erhalten haben. Er muss sich au\u00dferdem in der Originalverpackung befinden. <\/p>&#13;&#13;\n<p>Bestimmte Warenarten sind von der R\u00fcckgabe ausgeschlossen. Verderbliche Waren wie Lebensmittel, Blumen, Zeitungen oder Zeitschriften k\u00f6nnen nicht zur\u00fcckgegeben werden. Wir akzeptieren auch keine Produkte, die intime oder hygienische Artikel, gef\u00e4hrliche Materialien oder entz\u00fcndliche Fl\u00fcssigkeiten oder Gase sind.  <\/p>&#13;&#13;\n<p>Zus\u00e4tzliche nicht r\u00fcckgabef\u00e4hige Artikel:<\/p>&#13;&#13;\n<ul class=\"wp-block-list\">&#13;\n<li>Geschenkgutscheine<\/li>&#13;\n<li>Herunterladbare Softwareprodukte<\/li>&#13;\n<li>Einige Gesundheits- und K\u00f6rperpflegeprodukte<\/li>&#13;\n<\/ul>&#13;&#13;\n<p>Um Ihre R\u00fcckgabe abzuschlie\u00dfen, ben\u00f6tigen wir eine Quittung oder einen Kaufnachweis.<\/p>&#13;&#13;\n<h2>R\u00fcckerstattungen<\/h2>&#13;&#13;\n<p>Sobald Ihre R\u00fccksendung eingegangen und gepr\u00fcft wurde, senden wir Ihnen eine E-Mail, um Sie dar\u00fcber zu informieren, dass wir Ihren zur\u00fcckgesendeten Artikel erhalten haben. Wir informieren Sie auch \u00fcber die Genehmigung oder Ablehnung Ihrer R\u00fcckerstattung. <\/p>&#13;&#13;\n<p>Wenn Ihre R\u00fcckerstattung genehmigt wird, wird diese bearbeitet, und eine Gutschrift wird automatisch auf Ihre Kreditkarte oder die urspr\u00fcngliche Zahlungsmethode innerhalb einer bestimmten Anzahl von Tagen angewendet.<\/p>&#13;\n<p>Versandkosten sind nicht erstattungsf\u00e4hig. <\/p>&#13;&#13;\n<p><b>Versp\u00e4tete oder fehlende R\u00fcckerstattungen<\/b><\/p>&#13;&#13;\n<p>Wenn Sie noch keine R\u00fcckerstattung erhalten haben, \u00fcberpr\u00fcfen Sie zuerst erneut Ihr Bankkonto.<\/p>&#13;&#13;\n<p>Kontaktieren Sie anschlie\u00dfend Ihr Kreditkartenunternehmen, da es einige Zeit dauern kann, bis die R\u00fcckerstattung offiziell verbucht wird.<\/p>&#13;&#13;\n<p>Wenden Sie sich danach an Ihre Bank. Es gibt oft eine Bearbeitungszeit, bevor eine R\u00fcckerstattung verbucht wird. <\/p>&#13;&#13;\n<p>Wenn Sie all diese Schritte unternommen haben und Ihre R\u00fcckerstattung immer noch nicht erhalten haben, kontaktieren Sie uns.<\/p>&#13;&#13;\n<h2>Umtausch<\/h2>&#13;&#13;\n<p>Wir ersetzen Artikel nur, wenn sie defekt oder besch\u00e4digt sind. Wenn Sie den Artikel gegen denselben Artikel umtauschen m\u00f6chten, senden Sie uns bitte eine E-Mail an info@magcab.ee. <\/p>&#13;&#13;\n<h2>Geschenke<\/h2>&#13;&#13;\n<p>Wenn der Artikel beim Kauf als Geschenk gekennzeichnet und direkt an Sie versandt wurde, erhalten Sie eine Gutschrift f\u00fcr den Wert Ihrer R\u00fcckgabe. Sobald der zur\u00fcckgesendete Artikel eingegangen ist, wird Ihnen ein Geschenkgutschein zugeschickt. <\/p>&#13;&#13;\n<p>Wenn der Artikel beim Kauf nicht als Geschenk gekennzeichnet war oder der Schenkende die Bestellung an sich selbst gesendet hat, um sie Ihnen sp\u00e4ter zu \u00fcbergeben, senden wir eine R\u00fcckerstattung an den Schenkenden, der von Ihrer R\u00fcckgabe erf\u00e4hrt.<\/p>&#13;&#13;\n<h2>Versand<\/h2>&#13;\n<p>\u2022 Versand aus einem EU-Lager<br\/>\u2022 Versand innerhalb der EU mit DPD oder FedEx Express, 3-7 Tage Hauszustellung<br\/>\u2022 Innerhalb der EU fallen keine zus\u00e4tzlichen Steuern und Geb\u00fchren an.<br\/>\u2022 Alle Einfuhrerkl\u00e4rungen, Geb\u00fchren und Steuern m\u00fcssen vom K\u00e4ufer getragen werden, wenn Sie sich au\u00dferhalb der EU befinden.Wenn Sie detaillierte Fragen haben, stellen Sie diese bitte im Voraus.  <br\/>\u2022 Versand innerhalb von 1-2 Tagen<\/p>&#13;\n<h2>R\u00fccksendungen<\/h2>&#13;&#13;\n<p>Um Ihr Produkt zur\u00fcckzusenden, kontaktieren Sie uns bitte, um die Details zur R\u00fccksendeadresse zu erhalten.<\/p>&#13;&#13;\n<p>Sie sind daf\u00fcr verantwortlich, die Versandkosten f\u00fcr die R\u00fccksendung Ihres Artikels selbst zu tragen. Versandkosten sind nicht erstattungsf\u00e4hig. Wenn Sie eine R\u00fcckerstattung erhalten, werden die Kosten f\u00fcr die R\u00fccksendung von Ihrer R\u00fcckerstattung abgezogen.  <\/p>&#13;&#13;\n<p>Je nachdem, wo Sie wohnen, kann die Lieferzeit f\u00fcr Ihren umgetauschten Artikel variieren.<\/p>&#13;&#13;\n<p>Wenn Sie teurere Artikel zur\u00fccksenden, sollten Sie in Erw\u00e4gung ziehen, einen nachverfolgbaren Versandservice zu nutzen oder eine Versandversicherung abzuschlie\u00dfen. Wir k\u00f6nnen nicht garantieren, dass wir Ihren zur\u00fcckgesendeten Artikel erhalten. <\/p>&#13;&#13;\n<h2>Brauchen Sie Hilfe?<\/h2>&#13;&#13;\n<p>Kontaktieren Sie uns bei Fragen zu R\u00fcckerstattungen und R\u00fccksendungen.<br\/>info@magcab.ee<\/p>&#13;","protected":false},"excerpt":{"rendered":"<p>&#13; Unsere R\u00fcckerstattungs- und R\u00fcckgaberichtlinie gilt f\u00fcr 14 Tage. Wenn seit Ihrem Kauf 14 Tage vergangen sind, k\u00f6nnen wir Ihnen keine vollst\u00e4ndige R\u00fcckerstattung oder einen Umtausch anbieten. &#13;&#13; Um f\u00fcr eine R\u00fcckgabe berechtigt zu sein, muss der Artikel unbenutzt und in demselben Zustand sein, in dem Sie ihn erhalten haben. Er muss sich au\u00dferdem in [&hellip;]<\/p>\n","protected":false},"author":1,"featured_media":0,"parent":0,"menu_order":0,"comment_status":"closed","ping_status":"closed","template":"","meta":{"_et_pb_use_builder":"","_et_pb_old_content":"","_et_gb_content_width":"","footnotes":""},"class_list":["post-1617","page","type-page","status-publish","hentry"],"yoast_head":"<!-- This site is optimized with the Yoast SEO plugin v24.1 - https:\/\/yoast.com\/wordpress\/plugins\/seo\/ -->\n<title>R\u00fcckerstattungs- und R\u00fcckgaberichtlinie - Magcab<\/title>\n<meta name=\"robots\" content=\"index, follow, max-snippet:-1, max-image-preview:large, max-video-preview:-1\" \/>\n<link rel=\"canonical\" href=\"https:\/\/magcab.eu\/de\/rueckerstattungs-und-rueckgaberichtlinie\/\" \/>\n<meta property=\"og:locale\" content=\"de_DE\" \/>\n<meta property=\"og:type\" content=\"article\" \/>\n<meta property=\"og:title\" content=\"R\u00fcckerstattungs- und R\u00fcckgaberichtlinie - Magcab\" \/>\n<meta property=\"og:description\" content=\"&#013; Unsere R\u00fcckerstattungs- und R\u00fcckgaberichtlinie gilt f\u00fcr 14 Tage. Wenn seit Ihrem Kauf 14 Tage vergangen sind, k\u00f6nnen wir Ihnen keine vollst\u00e4ndige R\u00fcckerstattung oder einen Umtausch anbieten. &#013;&#013; Um f\u00fcr eine R\u00fcckgabe berechtigt zu sein, muss der Artikel unbenutzt und in demselben Zustand sein, in dem Sie ihn erhalten haben. Er muss sich au\u00dferdem in [&hellip;]\" \/>\n<meta property=\"og:url\" content=\"https:\/\/magcab.eu\/de\/rueckerstattungs-und-rueckgaberichtlinie\/\" \/>\n<meta property=\"og:site_name\" content=\"Magcab\" \/>\n<meta property=\"article:publisher\" content=\"https:\/\/www.facebook.com\/Magcable\" \/>\n<meta property=\"article:modified_time\" content=\"2025-01-09T21:15:19+00:00\" \/>\n<meta name=\"twitter:card\" content=\"summary_large_image\" \/>\n<meta name=\"twitter:label1\" content=\"Gesch\u00e4tzte Lesezeit\" \/>\n\t<meta name=\"twitter:data1\" content=\"3\u00a0Minuten\" \/>\n<script type=\"application\/ld+json\" class=\"yoast-schema-graph\">{\"@context\":\"https:\/\/schema.org\",\"@graph\":[{\"@type\":\"WebPage\",\"@id\":\"https:\/\/magcab.eu\/de\/rueckerstattungs-und-rueckgaberichtlinie\/\",\"url\":\"https:\/\/magcab.eu\/de\/rueckerstattungs-und-rueckgaberichtlinie\/\",\"name\":\"R\u00fcckerstattungs- und R\u00fcckgaberichtlinie - Magcab\",\"isPartOf\":{\"@id\":\"https:\/\/magcab.eu\/de\/#website\"},\"datePublished\":\"2022-06-09T14:31:28+00:00\",\"dateModified\":\"2025-01-09T21:15:19+00:00\",\"breadcrumb\":{\"@id\":\"https:\/\/magcab.eu\/de\/rueckerstattungs-und-rueckgaberichtlinie\/#breadcrumb\"},\"inLanguage\":\"de\",\"potentialAction\":[{\"@type\":\"ReadAction\",\"target\":[\"https:\/\/magcab.eu\/de\/rueckerstattungs-und-rueckgaberichtlinie\/\"]}]},{\"@type\":\"BreadcrumbList\",\"@id\":\"https:\/\/magcab.eu\/de\/rueckerstattungs-und-rueckgaberichtlinie\/#breadcrumb\",\"itemListElement\":[{\"@type\":\"ListItem\",\"position\":1,\"name\":\"Home\",\"item\":\"https:\/\/magcab.eu\/de\/\"},{\"@type\":\"ListItem\",\"position\":2,\"name\":\"R\u00fcckerstattungs- und R\u00fcckgaberichtlinie\"}]},{\"@type\":\"WebSite\",\"@id\":\"https:\/\/magcab.eu\/de\/#website\",\"url\":\"https:\/\/magcab.eu\/de\/\",\"name\":\"Magcab\",\"description\":\"The TV Tripod Stand\",\"publisher\":{\"@id\":\"https:\/\/magcab.eu\/de\/#organization\"},\"potentialAction\":[{\"@type\":\"SearchAction\",\"target\":{\"@type\":\"EntryPoint\",\"urlTemplate\":\"https:\/\/magcab.eu\/de\/?s={search_term_string}\"},\"query-input\":{\"@type\":\"PropertyValueSpecification\",\"valueRequired\":true,\"valueName\":\"search_term_string\"}}],\"inLanguage\":\"de\"},{\"@type\":\"Organization\",\"@id\":\"https:\/\/magcab.eu\/de\/#organization\",\"name\":\"Magcab\",\"url\":\"https:\/\/magcab.eu\/de\/\",\"logo\":{\"@type\":\"ImageObject\",\"inLanguage\":\"de\",\"@id\":\"https:\/\/magcab.eu\/de\/#\/schema\/logo\/image\/\",\"url\":\"https:\/\/magcab.ee\/wp-content\/uploads\/2022\/06\/Magcab_logo.png\",\"contentUrl\":\"https:\/\/magcab.ee\/wp-content\/uploads\/2022\/06\/Magcab_logo.png\",\"width\":2560,\"height\":814,\"caption\":\"Magcab\"},\"image\":{\"@id\":\"https:\/\/magcab.eu\/de\/#\/schema\/logo\/image\/\"},\"sameAs\":[\"https:\/\/www.facebook.com\/Magcable\"]}]}<\/script>\n<!-- \/ Yoast SEO plugin. -->","yoast_head_json":{"title":"R\u00fcckerstattungs- und R\u00fcckgaberichtlinie - Magcab","robots":{"index":"index","follow":"follow","max-snippet":"max-snippet:-1","max-image-preview":"max-image-preview:large","max-video-preview":"max-video-preview:-1"},"canonical":"https:\/\/magcab.eu\/de\/rueckerstattungs-und-rueckgaberichtlinie\/","og_locale":"de_DE","og_type":"article","og_title":"R\u00fcckerstattungs- und R\u00fcckgaberichtlinie - Magcab","og_description":"&#13; Unsere R\u00fcckerstattungs- und R\u00fcckgaberichtlinie gilt f\u00fcr 14 Tage. Wenn seit Ihrem Kauf 14 Tage vergangen sind, k\u00f6nnen wir Ihnen keine vollst\u00e4ndige R\u00fcckerstattung oder einen Umtausch anbieten. &#13;&#13; Um f\u00fcr eine R\u00fcckgabe berechtigt zu sein, muss der Artikel unbenutzt und in demselben Zustand sein, in dem Sie ihn erhalten haben. Er muss sich au\u00dferdem in [&hellip;]","og_url":"https:\/\/magcab.eu\/de\/rueckerstattungs-und-rueckgaberichtlinie\/","og_site_name":"Magcab","article_publisher":"https:\/\/www.facebook.com\/Magcable","article_modified_time":"2025-01-09T21:15:19+00:00","twitter_card":"summary_large_image","twitter_misc":{"Gesch\u00e4tzte Lesezeit":"3\u00a0Minuten"},"schema":{"@context":"https:\/\/schema.org","@graph":[{"@type":"WebPage","@id":"https:\/\/magcab.eu\/de\/rueckerstattungs-und-rueckgaberichtlinie\/","url":"https:\/\/magcab.eu\/de\/rueckerstattungs-und-rueckgaberichtlinie\/","name":"R\u00fcckerstattungs- und R\u00fcckgaberichtlinie - Magcab","isPartOf":{"@id":"https:\/\/magcab.eu\/de\/#website"},"datePublished":"2022-06-09T14:31:28+00:00","dateModified":"2025-01-09T21:15:19+00:00","breadcrumb":{"@id":"https:\/\/magcab.eu\/de\/rueckerstattungs-und-rueckgaberichtlinie\/#breadcrumb"},"inLanguage":"de","potentialAction":[{"@type":"ReadAction","target":["https:\/\/magcab.eu\/de\/rueckerstattungs-und-rueckgaberichtlinie\/"]}]},{"@type":"BreadcrumbList","@id":"https:\/\/magcab.eu\/de\/rueckerstattungs-und-rueckgaberichtlinie\/#breadcrumb","itemListElement":[{"@type":"ListItem","position":1,"name":"Home","item":"https:\/\/magcab.eu\/de\/"},{"@type":"ListItem","position":2,"name":"R\u00fcckerstattungs- und R\u00fcckgaberichtlinie"}]},{"@type":"WebSite","@id":"https:\/\/magcab.eu\/de\/#website","url":"https:\/\/magcab.eu\/de\/","name":"Magcab","description":"The TV Tripod Stand","publisher":{"@id":"https:\/\/magcab.eu\/de\/#organization"},"potentialAction":[{"@type":"SearchAction","target":{"@type":"EntryPoint","urlTemplate":"https:\/\/magcab.eu\/de\/?s={search_term_string}"},"query-input":{"@type":"PropertyValueSpecification","valueRequired":true,"valueName":"search_term_string"}}],"inLanguage":"de"},{"@type":"Organization","@id":"https:\/\/magcab.eu\/de\/#organization","name":"Magcab","url":"https:\/\/magcab.eu\/de\/","logo":{"@type":"ImageObject","inLanguage":"de","@id":"https:\/\/magcab.eu\/de\/#\/schema\/logo\/image\/","url":"https:\/\/magcab.ee\/wp-content\/uploads\/2022\/06\/Magcab_logo.png","contentUrl":"https:\/\/magcab.ee\/wp-content\/uploads\/2022\/06\/Magcab_logo.png","width":2560,"height":814,"caption":"Magcab"},"image":{"@id":"https:\/\/magcab.eu\/de\/#\/schema\/logo\/image\/"},"sameAs":["https:\/\/www.facebook.com\/Magcable"]}]}},"jetpack_sharing_enabled":true,"_links":{"self":[{"href":"https:\/\/magcab.eu\/de\/wp-json\/wp\/v2\/pages\/1617","targetHints":{"allow":["GET"]}}],"collection":[{"href":"https:\/\/magcab.eu\/de\/wp-json\/wp\/v2\/pages"}],"about":[{"href":"https:\/\/magcab.eu\/de\/wp-json\/wp\/v2\/types\/page"}],"author":[{"embeddable":true,"href":"https:\/\/magcab.eu\/de\/wp-json\/wp\/v2\/users\/1"}],"replies":[{"embeddable":true,"href":"https:\/\/magcab.eu\/de\/wp-json\/wp\/v2\/comments?post=1617"}],"version-history":[{"count":3,"href":"https:\/\/magcab.eu\/de\/wp-json\/wp\/v2\/pages\/1617\/revisions"}],"predecessor-version":[{"id":1621,"href":"https:\/\/magcab.eu\/de\/wp-json\/wp\/v2\/pages\/1617\/revisions\/1621"}],"wp:attachment":[{"href":"https:\/\/magcab.eu\/de\/wp-json\/wp\/v2\/media?parent=1617"}],"curies":[{"name":"wp","href":"https:\/\/api.w.org\/{rel}","templated":true}]}}