{"id":1387,"date":"2022-06-21T20:37:54","date_gmt":"2022-06-21T18:37:54","guid":{"rendered":"https:\/\/magcab.eu\/ueber-uns\/"},"modified":"2025-01-04T23:54:37","modified_gmt":"2025-01-04T21:54:37","slug":"ueber-uns","status":"publish","type":"page","link":"https:\/\/magcab.eu\/de\/ueber-uns\/","title":{"rendered":"\u00dcber uns"},"content":{"rendered":"<p>[et_pb_section fb_built=&#8220;1&#8243; admin_label=&#8220;Hero&#8220; _builder_version=&#8220;4.16&#8243; _module_preset=&#8220;default&#8220; custom_margin=&#8220;||0px|||&#8220; locked=&#8220;off&#8220; global_colors_info=&#8220;{}&#8220;][et_pb_row column_structure=&#8220;1_2,1_2&#8243; _builder_version=&#8220;4.17.4&#8243; _module_preset=&#8220;default&#8220; custom_padding=&#8220;0px||0px|||&#8220; global_colors_info=&#8220;{}&#8220;][et_pb_column type=&#8220;1_2&#8243; _builder_version=&#8220;4.16&#8243; _module_preset=&#8220;default&#8220; global_colors_info=&#8220;{}&#8220;][et_pb_text _builder_version=&#8220;4.16&#8243; _module_preset=&#8220;default&#8220; header_font=&#8220;Cormorant Garamond||||||||&#8220; header_text_color=&#8220;#000000&#8243; header_font_size=&#8220;96px&#8220; header_line_height=&#8220;1.1em&#8220; max_width=&#8220;800px&#8220; custom_margin=&#8220;||||false|false&#8220; custom_padding=&#8220;||0px|||&#8220; header_font_size_tablet=&#8220;56px&#8220; header_font_size_phone=&#8220;40px&#8220; header_font_size_last_edited=&#8220;on|phone&#8220; locked=&#8220;off&#8220; global_colors_info=&#8220;{}&#8220;]<\/p>\n<h1>Kontaktieren Sie uns<\/h1>\n<p>[\/et_pb_text][et_pb_contact_form use_spam_service=&#8220;on&#8220; recaptcha_list=&#8220;Default-0&#8243; email=&#8220;info@magcab.ee&#8220; success_message=&#8220;Wir haben Ihre Nachricht erhalten und werden uns so schnell wie m\u00f6glich bei Ihnen melden!  &#8220; submit_button_text=&#8220;Nachricht senden&#8220; module_id=&#8220;et_pb_contact_form_0&#8243; _builder_version=&#8220;4.17.4&#8243; _module_preset=&#8220;default&#8220; form_field_background_color=&#8220;rgba(0,0,0,0)&#8220; form_field_text_color=&#8220;#24394a&#8220; form_field_custom_padding=&#8220;18px|30px|18px|30px|true|true&#8220; title_level=&#8220;h2&#8243; title_font=&#8220;Domine||||||||&#8220; title_text_align=&#8220;center&#8220; title_font_size=&#8220;60px&#8220; title_line_height=&#8220;1.4em&#8220; form_field_font=&#8220;|700||on|||||&#8220; form_field_font_size=&#8220;12px&#8220; form_field_letter_spacing=&#8220;4px&#8220; custom_button=&#8220;on&#8220; button_text_size=&#8220;12px&#8220; button_text_color=&#8220;#000000&#8243; button_bg_color=&#8220;#E7DFD9&#8243; button_border_width=&#8220;0px&#8220; button_border_radius=&#8220;0px&#8220; button_letter_spacing=&#8220;4px&#8220; button_font=&#8220;|700||on|||||&#8220; button_custom_padding=&#8220;18px|30px|18px|30px|true|true&#8220; text_orientation=&#8220;left&#8220; title_font_size_tablet=&#8220;45px&#8220; title_font_size_phone=&#8220;35px&#8220; title_font_size_last_edited=&#8220;on|phone&#8220; border_width_all=&#8220;1px&#8220; border_color_all=&#8220;rgba(151,151,151,0.5)&#8220; locked=&#8220;off&#8220; global_colors_info=&#8220;{}&#8220;][et_pb_contact_field field_id=&#8220;Name&#8220; field_title=&#8220;Name&#8220; _builder_version=&#8220;4.16&#8243; _module_preset=&#8220;default&#8220; global_colors_info=&#8220;{}&#8220; button_text_size__hover_enabled=&#8220;off&#8220; button_one_text_size__hover_enabled=&#8220;off&#8220; button_two_text_size__hover_enabled=&#8220;off&#8220; button_text_color__hover_enabled=&#8220;off&#8220; button_one_text_color__hover_enabled=&#8220;off&#8220; button_two_text_color__hover_enabled=&#8220;off&#8220; button_border_width__hover_enabled=&#8220;off&#8220; button_one_border_width__hover_enabled=&#8220;off&#8220; button_two_border_width__hover_enabled=&#8220;off&#8220; button_border_color__hover_enabled=&#8220;off&#8220; button_one_border_color__hover_enabled=&#8220;off&#8220; button_two_border_color__hover_enabled=&#8220;off&#8220; button_border_radius__hover_enabled=&#8220;off&#8220; button_one_border_radius__hover_enabled=&#8220;off&#8220; button_two_border_radius__hover_enabled=&#8220;off&#8220; button_letter_spacing__hover_enabled=&#8220;off&#8220; button_one_letter_spacing__hover_enabled=&#8220;off&#8220; button_two_letter_spacing__hover_enabled=&#8220;off&#8220; button_bg_color__hover_enabled=&#8220;off&#8220; button_one_bg_color__hover_enabled=&#8220;off&#8220; button_two_bg_color__hover_enabled=&#8220;off&#8220;][\/et_pb_contact_field][et_pb_contact_field field_id=&#8220;Email&#8220; field_title=&#8220;E-Mail Adresse&#8220; field_type=&#8220;email&#8220; _builder_version=&#8220;4.16&#8243; _module_preset=&#8220;default&#8220; global_colors_info=&#8220;{}&#8220; button_text_size__hover_enabled=&#8220;off&#8220; button_one_text_size__hover_enabled=&#8220;off&#8220; button_two_text_size__hover_enabled=&#8220;off&#8220; button_text_color__hover_enabled=&#8220;off&#8220; button_one_text_color__hover_enabled=&#8220;off&#8220; button_two_text_color__hover_enabled=&#8220;off&#8220; button_border_width__hover_enabled=&#8220;off&#8220; button_one_border_width__hover_enabled=&#8220;off&#8220; button_two_border_width__hover_enabled=&#8220;off&#8220; button_border_color__hover_enabled=&#8220;off&#8220; button_one_border_color__hover_enabled=&#8220;off&#8220; button_two_border_color__hover_enabled=&#8220;off&#8220; button_border_radius__hover_enabled=&#8220;off&#8220; button_one_border_radius__hover_enabled=&#8220;off&#8220; button_two_border_radius__hover_enabled=&#8220;off&#8220; button_letter_spacing__hover_enabled=&#8220;off&#8220; button_one_letter_spacing__hover_enabled=&#8220;off&#8220; button_two_letter_spacing__hover_enabled=&#8220;off&#8220; button_bg_color__hover_enabled=&#8220;off&#8220; button_one_bg_color__hover_enabled=&#8220;off&#8220; button_two_bg_color__hover_enabled=&#8220;off&#8220;][\/et_pb_contact_field][et_pb_contact_field field_id=&#8220;Message&#8220; field_title=&#8220;Nachricht&#8220; field_type=&#8220;text&#8220; fullwidth_field=&#8220;on&#8220; _builder_version=&#8220;4.16&#8243; _module_preset=&#8220;default&#8220; global_colors_info=&#8220;{}&#8220; button_text_size__hover_enabled=&#8220;off&#8220; button_one_text_size__hover_enabled=&#8220;off&#8220; button_two_text_size__hover_enabled=&#8220;off&#8220; button_text_color__hover_enabled=&#8220;off&#8220; button_one_text_color__hover_enabled=&#8220;off&#8220; button_two_text_color__hover_enabled=&#8220;off&#8220; button_border_width__hover_enabled=&#8220;off&#8220; button_one_border_width__hover_enabled=&#8220;off&#8220; button_two_border_width__hover_enabled=&#8220;off&#8220; button_border_color__hover_enabled=&#8220;off&#8220; button_one_border_color__hover_enabled=&#8220;off&#8220; button_two_border_color__hover_enabled=&#8220;off&#8220; button_border_radius__hover_enabled=&#8220;off&#8220; button_one_border_radius__hover_enabled=&#8220;off&#8220; button_two_border_radius__hover_enabled=&#8220;off&#8220; button_letter_spacing__hover_enabled=&#8220;off&#8220; button_one_letter_spacing__hover_enabled=&#8220;off&#8220; button_two_letter_spacing__hover_enabled=&#8220;off&#8220; button_bg_color__hover_enabled=&#8220;off&#8220; button_one_bg_color__hover_enabled=&#8220;off&#8220; button_two_bg_color__hover_enabled=&#8220;off&#8220;][\/et_pb_contact_field][\/et_pb_contact_form][et_pb_text _builder_version=&#8220;4.16&#8243; _module_preset=&#8220;default&#8220; text_font=&#8220;Cormorant Garamond|600|||||||&#8220; text_font_size=&#8220;18px&#8220; text_line_height=&#8220;1.8em&#8220; header_font=&#8220;||||||||&#8220; header_3_font=&#8220;Cormorant Garamond|600||on|||||&#8220; header_3_font_size=&#8220;26px&#8220; max_width=&#8220;512px&#8220; custom_padding=&#8220;16px|0px|||false|false&#8220; border_width_top=&#8220;1px&#8220; border_color_top=&#8220;rgba(51,51,51,0.18)&#8220; locked=&#8220;off&#8220; global_colors_info=&#8220;{}&#8220;]<\/p>\n<h3>Hauptsitz des B\u00fcros  <\/h3>\n<p>Estland,<br \/>Harjumaa, Tallinn<\/p>\n<p>[\/et_pb_text][et_pb_text _builder_version=&#8220;4.17.4&#8243; _module_preset=&#8220;default&#8220; text_font=&#8220;Cormorant Garamond|600|||||||&#8220; text_font_size=&#8220;18px&#8220; text_line_height=&#8220;1.8em&#8220; header_font=&#8220;||||||||&#8220; header_3_font=&#8220;Cormorant Garamond|600||on|||||&#8220; header_3_font_size=&#8220;26px&#8220; max_width=&#8220;512px&#8220; custom_margin=&#8220;|-41px||||&#8220; custom_padding=&#8220;16px|0px|||false|false&#8220; border_width_top=&#8220;1px&#8220; border_color_top=&#8220;rgba(51,51,51,0.18)&#8220; locked=&#8220;off&#8220; global_colors_info=&#8220;{}&#8220;]<\/p>\n<h3>Kontakt<\/h3>\n<p>Tel. +372 53331735<br \/>info [at] magcab.eu<\/p>\n<p>[\/et_pb_text][\/et_pb_column][et_pb_column type=&#8220;1_2&#8243; _builder_version=&#8220;4.16&#8243; _module_preset=&#8220;default&#8220; global_colors_info=&#8220;{}&#8220;][et_pb_text _builder_version=&#8220;4.16&#8243; _module_preset=&#8220;default&#8220; header_font=&#8220;Cormorant Garamond||||||||&#8220; header_text_color=&#8220;#000000&#8243; header_font_size=&#8220;96px&#8220; header_line_height=&#8220;1.1em&#8220; max_width=&#8220;800px&#8220; custom_margin=&#8220;||||false|false&#8220; custom_padding=&#8220;||0px|||&#8220; header_font_size_tablet=&#8220;56px&#8220; header_font_size_phone=&#8220;40px&#8220; header_font_size_last_edited=&#8220;on|phone&#8220; locked=&#8220;off&#8220; global_colors_info=&#8220;{}&#8220;]<\/p>\n<h1>FAQ<\/h1>\n<p>[\/et_pb_text][et_pb_text _builder_version=&#8220;4.16&#8243; _module_preset=&#8220;default&#8220; text_font=&#8220;Cormorant Garamond|600|||||||&#8220; text_font_size=&#8220;18px&#8220; text_line_height=&#8220;1.8em&#8220; header_font=&#8220;||||||||&#8220; header_3_font=&#8220;Cormorant Garamond|600||on|||||&#8220; header_3_font_size=&#8220;18px&#8220; header_3_letter_spacing=&#8220;1px&#8220; header_3_line_height=&#8220;1.1em&#8220; custom_margin=&#8220;||20px|||&#8220; custom_padding=&#8220;16px||21px||false|false&#8220; border_width_top=&#8220;1px&#8220; border_color_top=&#8220;rgba(51,51,51,0.18)&#8220; locked=&#8220;off&#8220; global_colors_info=&#8220;{}&#8220;]<\/p>\n<h3>Welche Fernsehger\u00e4te sind mit dem St\u00e4nder kompatibel?<\/h3>\n<p>Alle TV-Ger\u00e4te sind kompatibel! Ja, alle modernen TV-Ger\u00e4te verwenden VESA-Halterungen, mit denen unsere St\u00e4nder kompatibel sind. Das Beste daran ist, dass wir viele Befestigungsschrauben und Beschl\u00e4ge zur Verf\u00fcgung stellen, damit Sie alles ohne Probleme installieren k\u00f6nnen.  <\/p>\n<p>[\/et_pb_text][et_pb_text _builder_version=&#8220;4.16&#8243; _module_preset=&#8220;default&#8220; text_font=&#8220;Cormorant Garamond|600|||||||&#8220; text_font_size=&#8220;18px&#8220; text_line_height=&#8220;1.8em&#8220; header_font=&#8220;||||||||&#8220; header_3_font=&#8220;Cormorant Garamond|600||on|||||&#8220; header_3_font_size=&#8220;18px&#8220; header_3_letter_spacing=&#8220;1px&#8220; header_3_line_height=&#8220;1.1em&#8220; custom_margin=&#8220;23px||49px|||&#8220; custom_padding=&#8220;16px||||false|false&#8220; border_width_top=&#8220;1px&#8220; border_color_top=&#8220;rgba(51,51,51,0.18)&#8220; locked=&#8220;off&#8220; global_colors_info=&#8220;{}&#8220;]<\/p>\n<h3>Welche Materialien werden f\u00fcr das Produkt verwendet?  <\/h3>\n<p>Alle unsere St\u00e4nder sind aus 100% Echtholz und mattschwarz pulverbeschichtetem Metall gefertigt. Das Holz wird <span>mit nat\u00fcrlichen \u00d6len und Wachsen behandelt. <\/span>  <\/p>\n<p>[\/et_pb_text][et_pb_text _builder_version=&#8220;4.17.4&#8243; _module_preset=&#8220;default&#8220; text_font=&#8220;Cormorant Garamond|600|||||||&#8220; text_font_size=&#8220;18px&#8220; text_line_height=&#8220;1.8em&#8220; header_font=&#8220;||||||||&#8220; header_3_font=&#8220;Cormorant Garamond|600||on|||||&#8220; header_3_font_size=&#8220;18px&#8220; header_3_letter_spacing=&#8220;1px&#8220; header_3_line_height=&#8220;1.1em&#8220; min_height=&#8220;126px&#8220; custom_padding=&#8220;16px||19px||false|false&#8220; border_width_top=&#8220;1px&#8220; border_color_top=&#8220;rgba(51,51,51,0.18)&#8220; global_colors_info=&#8220;{}&#8220;]<\/p>\n<h3>Welche Versanddienste werden genutzt?<\/h3>\n<p>Wir verwenden DPD oder Fedex Express-Kurier mit bequemer Lieferung an Ihre Haust\u00fcr. Die Versanddauer h\u00e4ngt vom Zielland ab, betr\u00e4gt aber zwischen 3-7 Tagen.<\/p>\n<p>[\/et_pb_text][et_pb_text _builder_version=&#8220;4.17.4&#8243; _module_preset=&#8220;default&#8220; text_font=&#8220;Cormorant Garamond|600|||||||&#8220; text_font_size=&#8220;18px&#8220; text_line_height=&#8220;1.8em&#8220; header_font=&#8220;||||||||&#8220; header_3_font=&#8220;Cormorant Garamond|600||on|||||&#8220; header_3_font_size=&#8220;18px&#8220; header_3_letter_spacing=&#8220;1px&#8220; header_3_line_height=&#8220;1.1em&#8220; min_height=&#8220;126px&#8220; custom_padding=&#8220;16px||19px||false|false&#8220; hover_enabled=&#8220;0&#8243; border_width_top=&#8220;1px&#8220; border_color_top=&#8220;rgba(51,51,51,0.18)&#8220; global_colors_info=&#8220;{}&#8220; sticky_enabled=&#8220;0&#8243;]<\/p>\n<h3>Werden R\u00fccksendungen akzeptiert?<\/h3>\n<p>Ja, nat\u00fcrlich! Wir haben ein 14-t\u00e4giges R\u00fcckgaberecht, aber wenn Sie eine l\u00e4ngere Frist ben\u00f6tigen, lassen Sie es uns bitte vor der Bestellung wissen. F\u00fcr weitere Informationen besuchen Sie bitte &#8211; <a href=\"https:\/\/magcab.eu\/refund_returns\/\" target=\"_blank\" rel=\"noopener\">Erstattungs- und R\u00fcckgabebedingungen<\/a><\/p>\n<p>[\/et_pb_text][et_pb_text _builder_version=&#8220;4.17.4&#8243; _module_preset=&#8220;default&#8220; text_font=&#8220;Cormorant Garamond|600|||||||&#8220; text_font_size=&#8220;18px&#8220; text_line_height=&#8220;1.8em&#8220; header_font=&#8220;||||||||&#8220; header_3_font=&#8220;Cormorant Garamond|600||on|||||&#8220; header_3_font_size=&#8220;18px&#8220; header_3_letter_spacing=&#8220;1px&#8220; header_3_line_height=&#8220;1.1em&#8220; custom_margin=&#8220;23px||-4px|||&#8220; custom_padding=&#8220;16px||||false|false&#8220; hover_enabled=&#8220;0&#8243; border_width_top=&#8220;1px&#8220; border_color_top=&#8220;rgba(51,51,51,0.18)&#8220; locked=&#8220;off&#8220; global_colors_info=&#8220;{}&#8220; sticky_enabled=&#8220;0&#8243;]<\/p>\n<h3>Welche Zahlungsm\u00f6glichkeiten gibt es?<\/h3>\n<p>Wir akzeptieren alle g\u00e4ngigen Kreditkarten, Apple Pay, PayPal-Zahlungen, Sofort, Giropay, Klarna und mehr.<\/p>\n<p>[\/et_pb_text][\/et_pb_column][\/et_pb_row][\/et_pb_section][et_pb_section fb_built=&#8220;1&#8243; fullwidth=&#8220;on&#8220; admin_label=&#8220;Map&#8220; _builder_version=&#8220;4.16&#8243; _module_preset=&#8220;default&#8220; locked=&#8220;off&#8220; global_colors_info=&#8220;{}&#8220;][et_pb_fullwidth_map address=&#8220;Tallinn, Estonia&#8220; zoom_level=&#8220;6&#8243; address_lat=&#8220;58.885049469525&#8243; address_lng=&#8220;23.9186136625&#8243; mouse_wheel=&#8220;off&#8220; _builder_version=&#8220;4.17.4&#8243; _module_preset=&#8220;default&#8220; filter_saturate=&#8220;0%&#8220; global_colors_info=&#8220;{}&#8220;][\/et_pb_fullwidth_map][\/et_pb_section]<\/p>\n","protected":false},"excerpt":{"rendered":"<p>Kontaktieren Sie unsHauptsitz des B\u00fcros Estland,Harjumaa, TallinnKontakt Tel. +372 53331735info [at] magcab.euFAQWelche Fernsehger\u00e4te sind mit dem St\u00e4nder kompatibel? Alle TV-Ger\u00e4te sind kompatibel! Ja, alle modernen TV-Ger\u00e4te verwenden VESA-Halterungen, mit denen unsere St\u00e4nder kompatibel sind. Das Beste daran ist, dass wir viele Befestigungsschrauben und Beschl\u00e4ge zur Verf\u00fcgung stellen, damit Sie alles ohne Probleme installieren k\u00f6nnen. Welche [&hellip;]<\/p>\n","protected":false},"author":1,"featured_media":0,"parent":0,"menu_order":0,"comment_status":"closed","ping_status":"closed","template":"","meta":{"_et_pb_use_builder":"on","_et_pb_old_content":"","_et_gb_content_width":"","footnotes":""},"class_list":["post-1387","page","type-page","status-publish","hentry"],"yoast_head":"<!-- This site is optimized with the Yoast SEO plugin v24.1 - https:\/\/yoast.com\/wordpress\/plugins\/seo\/ -->\n<title>\u00dcber uns - Magcab<\/title>\n<meta name=\"robots\" content=\"index, follow, max-snippet:-1, max-image-preview:large, max-video-preview:-1\" \/>\n<link rel=\"canonical\" href=\"https:\/\/magcab.eu\/de\/ueber-uns\/\" \/>\n<meta property=\"og:locale\" content=\"de_DE\" \/>\n<meta property=\"og:type\" content=\"article\" \/>\n<meta property=\"og:title\" content=\"\u00dcber uns - Magcab\" \/>\n<meta property=\"og:description\" content=\"Kontaktieren Sie unsHauptsitz des B\u00fcros Estland,Harjumaa, TallinnKontakt Tel. +372 53331735info [at] magcab.euFAQWelche Fernsehger\u00e4te sind mit dem St\u00e4nder kompatibel? Alle TV-Ger\u00e4te sind kompatibel! Ja, alle modernen TV-Ger\u00e4te verwenden VESA-Halterungen, mit denen unsere St\u00e4nder kompatibel sind. Das Beste daran ist, dass wir viele Befestigungsschrauben und Beschl\u00e4ge zur Verf\u00fcgung stellen, damit Sie alles ohne Probleme installieren k\u00f6nnen. Welche [&hellip;]\" \/>\n<meta property=\"og:url\" content=\"https:\/\/magcab.eu\/de\/ueber-uns\/\" \/>\n<meta property=\"og:site_name\" content=\"Magcab\" \/>\n<meta property=\"article:publisher\" content=\"https:\/\/www.facebook.com\/Magcable\" \/>\n<meta property=\"article:modified_time\" content=\"2025-01-04T21:54:37+00:00\" \/>\n<meta name=\"twitter:card\" content=\"summary_large_image\" \/>\n<meta name=\"twitter:label1\" content=\"Gesch\u00e4tzte Lesezeit\" \/>\n\t<meta name=\"twitter:data1\" content=\"8\u00a0Minuten\" \/>\n<script type=\"application\/ld+json\" class=\"yoast-schema-graph\">{\"@context\":\"https:\/\/schema.org\",\"@graph\":[{\"@type\":\"WebPage\",\"@id\":\"https:\/\/magcab.eu\/de\/ueber-uns\/\",\"url\":\"https:\/\/magcab.eu\/de\/ueber-uns\/\",\"name\":\"\u00dcber uns - Magcab\",\"isPartOf\":{\"@id\":\"https:\/\/magcab.eu\/de\/#website\"},\"datePublished\":\"2022-06-21T18:37:54+00:00\",\"dateModified\":\"2025-01-04T21:54:37+00:00\",\"breadcrumb\":{\"@id\":\"https:\/\/magcab.eu\/de\/ueber-uns\/#breadcrumb\"},\"inLanguage\":\"de\",\"potentialAction\":[{\"@type\":\"ReadAction\",\"target\":[\"https:\/\/magcab.eu\/de\/ueber-uns\/\"]}]},{\"@type\":\"BreadcrumbList\",\"@id\":\"https:\/\/magcab.eu\/de\/ueber-uns\/#breadcrumb\",\"itemListElement\":[{\"@type\":\"ListItem\",\"position\":1,\"name\":\"Home\",\"item\":\"https:\/\/magcab.eu\/de\/\"},{\"@type\":\"ListItem\",\"position\":2,\"name\":\"\u00dcber uns\"}]},{\"@type\":\"WebSite\",\"@id\":\"https:\/\/magcab.eu\/de\/#website\",\"url\":\"https:\/\/magcab.eu\/de\/\",\"name\":\"Magcab\",\"description\":\"The TV Tripod Stand\",\"publisher\":{\"@id\":\"https:\/\/magcab.eu\/de\/#organization\"},\"potentialAction\":[{\"@type\":\"SearchAction\",\"target\":{\"@type\":\"EntryPoint\",\"urlTemplate\":\"https:\/\/magcab.eu\/de\/?s={search_term_string}\"},\"query-input\":{\"@type\":\"PropertyValueSpecification\",\"valueRequired\":true,\"valueName\":\"search_term_string\"}}],\"inLanguage\":\"de\"},{\"@type\":\"Organization\",\"@id\":\"https:\/\/magcab.eu\/de\/#organization\",\"name\":\"Magcab\",\"url\":\"https:\/\/magcab.eu\/de\/\",\"logo\":{\"@type\":\"ImageObject\",\"inLanguage\":\"de\",\"@id\":\"https:\/\/magcab.eu\/de\/#\/schema\/logo\/image\/\",\"url\":\"https:\/\/magcab.ee\/wp-content\/uploads\/2022\/06\/Magcab_logo.png\",\"contentUrl\":\"https:\/\/magcab.ee\/wp-content\/uploads\/2022\/06\/Magcab_logo.png\",\"width\":2560,\"height\":814,\"caption\":\"Magcab\"},\"image\":{\"@id\":\"https:\/\/magcab.eu\/de\/#\/schema\/logo\/image\/\"},\"sameAs\":[\"https:\/\/www.facebook.com\/Magcable\"]}]}<\/script>\n<!-- \/ Yoast SEO plugin. -->","yoast_head_json":{"title":"\u00dcber uns - Magcab","robots":{"index":"index","follow":"follow","max-snippet":"max-snippet:-1","max-image-preview":"max-image-preview:large","max-video-preview":"max-video-preview:-1"},"canonical":"https:\/\/magcab.eu\/de\/ueber-uns\/","og_locale":"de_DE","og_type":"article","og_title":"\u00dcber uns - Magcab","og_description":"Kontaktieren Sie unsHauptsitz des B\u00fcros Estland,Harjumaa, TallinnKontakt Tel. +372 53331735info [at] magcab.euFAQWelche Fernsehger\u00e4te sind mit dem St\u00e4nder kompatibel? Alle TV-Ger\u00e4te sind kompatibel! Ja, alle modernen TV-Ger\u00e4te verwenden VESA-Halterungen, mit denen unsere St\u00e4nder kompatibel sind. Das Beste daran ist, dass wir viele Befestigungsschrauben und Beschl\u00e4ge zur Verf\u00fcgung stellen, damit Sie alles ohne Probleme installieren k\u00f6nnen. Welche [&hellip;]","og_url":"https:\/\/magcab.eu\/de\/ueber-uns\/","og_site_name":"Magcab","article_publisher":"https:\/\/www.facebook.com\/Magcable","article_modified_time":"2025-01-04T21:54:37+00:00","twitter_card":"summary_large_image","twitter_misc":{"Gesch\u00e4tzte Lesezeit":"8\u00a0Minuten"},"schema":{"@context":"https:\/\/schema.org","@graph":[{"@type":"WebPage","@id":"https:\/\/magcab.eu\/de\/ueber-uns\/","url":"https:\/\/magcab.eu\/de\/ueber-uns\/","name":"\u00dcber uns - Magcab","isPartOf":{"@id":"https:\/\/magcab.eu\/de\/#website"},"datePublished":"2022-06-21T18:37:54+00:00","dateModified":"2025-01-04T21:54:37+00:00","breadcrumb":{"@id":"https:\/\/magcab.eu\/de\/ueber-uns\/#breadcrumb"},"inLanguage":"de","potentialAction":[{"@type":"ReadAction","target":["https:\/\/magcab.eu\/de\/ueber-uns\/"]}]},{"@type":"BreadcrumbList","@id":"https:\/\/magcab.eu\/de\/ueber-uns\/#breadcrumb","itemListElement":[{"@type":"ListItem","position":1,"name":"Home","item":"https:\/\/magcab.eu\/de\/"},{"@type":"ListItem","position":2,"name":"\u00dcber uns"}]},{"@type":"WebSite","@id":"https:\/\/magcab.eu\/de\/#website","url":"https:\/\/magcab.eu\/de\/","name":"Magcab","description":"The TV Tripod Stand","publisher":{"@id":"https:\/\/magcab.eu\/de\/#organization"},"potentialAction":[{"@type":"SearchAction","target":{"@type":"EntryPoint","urlTemplate":"https:\/\/magcab.eu\/de\/?s={search_term_string}"},"query-input":{"@type":"PropertyValueSpecification","valueRequired":true,"valueName":"search_term_string"}}],"inLanguage":"de"},{"@type":"Organization","@id":"https:\/\/magcab.eu\/de\/#organization","name":"Magcab","url":"https:\/\/magcab.eu\/de\/","logo":{"@type":"ImageObject","inLanguage":"de","@id":"https:\/\/magcab.eu\/de\/#\/schema\/logo\/image\/","url":"https:\/\/magcab.ee\/wp-content\/uploads\/2022\/06\/Magcab_logo.png","contentUrl":"https:\/\/magcab.ee\/wp-content\/uploads\/2022\/06\/Magcab_logo.png","width":2560,"height":814,"caption":"Magcab"},"image":{"@id":"https:\/\/magcab.eu\/de\/#\/schema\/logo\/image\/"},"sameAs":["https:\/\/www.facebook.com\/Magcable"]}]}},"jetpack_sharing_enabled":true,"_links":{"self":[{"href":"https:\/\/magcab.eu\/de\/wp-json\/wp\/v2\/pages\/1387","targetHints":{"allow":["GET"]}}],"collection":[{"href":"https:\/\/magcab.eu\/de\/wp-json\/wp\/v2\/pages"}],"about":[{"href":"https:\/\/magcab.eu\/de\/wp-json\/wp\/v2\/types\/page"}],"author":[{"embeddable":true,"href":"https:\/\/magcab.eu\/de\/wp-json\/wp\/v2\/users\/1"}],"replies":[{"embeddable":true,"href":"https:\/\/magcab.eu\/de\/wp-json\/wp\/v2\/comments?post=1387"}],"version-history":[{"count":2,"href":"https:\/\/magcab.eu\/de\/wp-json\/wp\/v2\/pages\/1387\/revisions"}],"predecessor-version":[{"id":1389,"href":"https:\/\/magcab.eu\/de\/wp-json\/wp\/v2\/pages\/1387\/revisions\/1389"}],"wp:attachment":[{"href":"https:\/\/magcab.eu\/de\/wp-json\/wp\/v2\/media?parent=1387"}],"curies":[{"name":"wp","href":"https:\/\/api.w.org\/{rel}","templated":true}]}}